{"id":136,"date":"2025-11-29T05:27:12","date_gmt":"2025-11-29T05:27:12","guid":{"rendered":"https:\/\/nataliegk.com\/?page_id=136"},"modified":"2025-11-29T17:30:46","modified_gmt":"2025-11-29T17:30:46","slug":"portafolio","status":"publish","type":"page","link":"https:\/\/nataliegk.com\/index.php\/portafolio\/","title":{"rendered":"Portafolio"},"content":{"rendered":"\n<div class=\"wp-block-group alignfull has-global-padding is-layout-constrained wp-block-group-is-layout-constrained\" style=\"margin-top:0;margin-bottom:0;padding-top:var(--wp--preset--spacing--50);padding-bottom:var(--wp--preset--spacing--50)\">\n<div class=\"wp-block-columns alignwide is-layout-flex wp-container-core-columns-is-layout-ba8a5268 wp-block-columns-is-layout-flex\" style=\"padding-right:var(--wp--preset--spacing--50)\">\n<div class=\"wp-block-column is-layout-flow wp-block-column-is-layout-flow\" style=\"flex-basis:56%\">\n<figure class=\"wp-block-image size-full\"><img loading=\"lazy\" decoding=\"async\" width=\"1306\" height=\"1498\" src=\"https:\/\/nataliegk.com\/wp-content\/uploads\/2025\/11\/proyecto-01-05.jpg\" alt=\"\" class=\"wp-image-123\" style=\"aspect-ratio:1;object-fit:cover\" srcset=\"https:\/\/nataliegk.com\/wp-content\/uploads\/2025\/11\/proyecto-01-05.jpg 1306w, https:\/\/nataliegk.com\/wp-content\/uploads\/2025\/11\/proyecto-01-05-262x300.jpg 262w, https:\/\/nataliegk.com\/wp-content\/uploads\/2025\/11\/proyecto-01-05-893x1024.jpg 893w, https:\/\/nataliegk.com\/wp-content\/uploads\/2025\/11\/proyecto-01-05-768x881.jpg 768w\" sizes=\"auto, (max-width: 1306px) 100vw, 1306px\" \/><\/figure>\n<\/div>\n\n\n\n<div class=\"wp-block-column is-vertically-aligned-center is-layout-flow wp-container-core-column-is-layout-119bc444 wp-block-column-is-layout-flow\">\n<h1 class=\"wp-block-heading\">Mi portafolio<\/h1>\n\n\n\n<p>Llevo trabajando desde el 2016 en el \u00e1rea de UX\/UI por lo que es mi \u00e1rea de expertis, sin embargo tambi\u00e9n sobresalgo en el campo de Dise\u00f1o Gr\u00e1fico y del Arte visual.<\/p>\n\n\n\n<div class=\"wp-block-buttons is-layout-flex wp-block-buttons-is-layout-flex\">\n<div class=\"wp-block-button\"><a class=\"wp-block-button__link wp-element-button\">Ver m\u00e1s sobre mi trabajo<\/a><\/div>\n<\/div>\n<\/div>\n<\/div>\n<\/div>\n\n\n\n<div class=\"wp-block-group alignfull has-global-padding is-layout-constrained wp-block-group-is-layout-constrained\" id=\"categorias\" style=\"margin-top:0;margin-bottom:0;padding-top:var(--wp--preset--spacing--50);padding-bottom:var(--wp--preset--spacing--50)\">\n<div class=\"wp-block-group alignwide is-layout-grid wp-container-core-group-is-layout-2ee631fb wp-block-group-is-layout-grid\">\n<div class=\"wp-block-group is-vertical is-layout-flex wp-container-core-group-is-layout-d6b9ab57 wp-block-group-is-layout-flex\">\n<h2 class=\"wp-block-heading has-x-large-font-size\">Categor\u00edas<\/h2>\n<\/div>\n\n\n\n<div class=\"wp-block-group is-vertical is-content-justification-stretch is-layout-flex wp-container-core-group-is-layout-353c4f5a wp-block-group-is-layout-flex\">\n<div class=\"wp-block-cover is-light\"><img loading=\"lazy\" decoding=\"async\" width=\"893\" height=\"1024\" class=\"wp-block-cover__image-background wp-image-122 size-large\" alt=\"\" src=\"https:\/\/nataliegk.com\/wp-content\/uploads\/2025\/11\/proyecto-01-04-893x1024.jpg\" data-object-fit=\"cover\" srcset=\"https:\/\/nataliegk.com\/wp-content\/uploads\/2025\/11\/proyecto-01-04-893x1024.jpg 893w, https:\/\/nataliegk.com\/wp-content\/uploads\/2025\/11\/proyecto-01-04-262x300.jpg 262w, https:\/\/nataliegk.com\/wp-content\/uploads\/2025\/11\/proyecto-01-04-768x881.jpg 768w, https:\/\/nataliegk.com\/wp-content\/uploads\/2025\/11\/proyecto-01-04.jpg 1306w\" sizes=\"auto, (max-width: 893px) 100vw, 893px\" \/><span aria-hidden=\"true\" class=\"wp-block-cover__background has-background-dim-0 has-background-dim\" style=\"background-color:#833d3a\"><\/span><div class=\"wp-block-cover__inner-container has-global-padding is-layout-constrained wp-block-cover-is-layout-constrained\">\n<div style=\"height:var(--wp--preset--spacing--20)\" aria-hidden=\"true\" class=\"wp-block-spacer\"><\/div>\n<\/div><\/div>\n\n\n\n<p class=\"has-text-align-center\">UX\/UI<\/p>\n<\/div>\n\n\n\n<div class=\"wp-block-group is-vertical is-content-justification-stretch is-layout-flex wp-container-core-group-is-layout-353c4f5a wp-block-group-is-layout-flex\">\n<div class=\"wp-block-cover is-light\"><img loading=\"lazy\" decoding=\"async\" width=\"893\" height=\"1024\" class=\"wp-block-cover__image-background wp-image-154 size-large\" alt=\"\" src=\"https:\/\/nataliegk.com\/wp-content\/uploads\/2025\/11\/proyecto-03-02-893x1024.jpg\" data-object-fit=\"cover\" srcset=\"https:\/\/nataliegk.com\/wp-content\/uploads\/2025\/11\/proyecto-03-02-893x1024.jpg 893w, https:\/\/nataliegk.com\/wp-content\/uploads\/2025\/11\/proyecto-03-02-262x300.jpg 262w, https:\/\/nataliegk.com\/wp-content\/uploads\/2025\/11\/proyecto-03-02-768x881.jpg 768w, https:\/\/nataliegk.com\/wp-content\/uploads\/2025\/11\/proyecto-03-02.jpg 1306w\" sizes=\"auto, (max-width: 893px) 100vw, 893px\" \/><span aria-hidden=\"true\" class=\"wp-block-cover__background has-background-dim-0 has-background-dim\" style=\"background-color:#828282\"><\/span><div class=\"wp-block-cover__inner-container has-global-padding is-layout-constrained wp-block-cover-is-layout-constrained\">\n<div style=\"height:var(--wp--preset--spacing--20)\" aria-hidden=\"true\" class=\"wp-block-spacer\"><\/div>\n<\/div><\/div>\n\n\n\n<p class=\"has-text-align-center\">Dise\u00f1o Gr\u00e1fico<\/p>\n<\/div>\n\n\n\n<div class=\"wp-block-group is-vertical is-content-justification-stretch is-layout-flex wp-container-core-group-is-layout-353c4f5a wp-block-group-is-layout-flex\">\n<div class=\"wp-block-cover is-light\"><img loading=\"lazy\" decoding=\"async\" width=\"893\" height=\"1024\" class=\"wp-block-cover__image-background wp-image-161 size-large\" alt=\"\" src=\"https:\/\/nataliegk.com\/wp-content\/uploads\/2025\/11\/proyecto-09-01-893x1024.jpg\" data-object-fit=\"cover\" srcset=\"https:\/\/nataliegk.com\/wp-content\/uploads\/2025\/11\/proyecto-09-01-893x1024.jpg 893w, https:\/\/nataliegk.com\/wp-content\/uploads\/2025\/11\/proyecto-09-01-262x300.jpg 262w, https:\/\/nataliegk.com\/wp-content\/uploads\/2025\/11\/proyecto-09-01-768x881.jpg 768w, https:\/\/nataliegk.com\/wp-content\/uploads\/2025\/11\/proyecto-09-01.jpg 1306w\" sizes=\"auto, (max-width: 893px) 100vw, 893px\" \/><span aria-hidden=\"true\" class=\"wp-block-cover__background has-background-dim-0 has-background-dim\" style=\"background-color:#d6bc98\"><\/span><div class=\"wp-block-cover__inner-container has-global-padding is-layout-constrained wp-block-cover-is-layout-constrained\">\n<div style=\"height:var(--wp--preset--spacing--20)\" aria-hidden=\"true\" class=\"wp-block-spacer\"><\/div>\n<\/div><\/div>\n\n\n\n<p class=\"has-text-align-center\">Arte<\/p>\n<\/div>\n<\/div>\n<\/div>\n\n\n\n<div class=\"wp-block-group alignfull has-global-padding is-layout-constrained wp-block-group-is-layout-constrained\" style=\"margin-top:0;margin-bottom:0;padding-top:var(--wp--preset--spacing--50);padding-bottom:var(--wp--preset--spacing--50)\">\n<div class=\"wp-block-query is-layout-flow wp-block-query-is-layout-flow\">\n\n\n\n<div class=\"wp-block-query-no-results\">\n\n<p><\/p>\n\n<\/div><\/div>\n\n\n\n<div class=\"wp-block-group alignwide is-layout-grid wp-container-core-group-is-layout-379fe241 wp-block-group-is-layout-grid\">\n<figure class=\"wp-block-image size-full\"><img loading=\"lazy\" decoding=\"async\" width=\"1306\" height=\"1498\" src=\"https:\/\/nataliegk.com\/wp-content\/uploads\/2025\/11\/proyecto-06-03.jpg\" alt=\"\" class=\"wp-image-160\" style=\"aspect-ratio:1;object-fit:cover\" srcset=\"https:\/\/nataliegk.com\/wp-content\/uploads\/2025\/11\/proyecto-06-03.jpg 1306w, https:\/\/nataliegk.com\/wp-content\/uploads\/2025\/11\/proyecto-06-03-262x300.jpg 262w, https:\/\/nataliegk.com\/wp-content\/uploads\/2025\/11\/proyecto-06-03-893x1024.jpg 893w, https:\/\/nataliegk.com\/wp-content\/uploads\/2025\/11\/proyecto-06-03-768x881.jpg 768w\" sizes=\"auto, (max-width: 1306px) 100vw, 1306px\" \/><\/figure>\n\n\n\n<figure class=\"wp-block-image size-full\"><img loading=\"lazy\" decoding=\"async\" width=\"1306\" height=\"1498\" src=\"https:\/\/nataliegk.com\/wp-content\/uploads\/2025\/11\/proyecto-03-05.jpg\" alt=\"\" class=\"wp-image-156\" style=\"aspect-ratio:1;object-fit:cover\" srcset=\"https:\/\/nataliegk.com\/wp-content\/uploads\/2025\/11\/proyecto-03-05.jpg 1306w, https:\/\/nataliegk.com\/wp-content\/uploads\/2025\/11\/proyecto-03-05-262x300.jpg 262w, https:\/\/nataliegk.com\/wp-content\/uploads\/2025\/11\/proyecto-03-05-893x1024.jpg 893w, https:\/\/nataliegk.com\/wp-content\/uploads\/2025\/11\/proyecto-03-05-768x881.jpg 768w\" sizes=\"auto, (max-width: 1306px) 100vw, 1306px\" \/><\/figure>\n\n\n\n<figure class=\"wp-block-image size-full\"><img loading=\"lazy\" decoding=\"async\" width=\"1306\" height=\"1498\" src=\"https:\/\/nataliegk.com\/wp-content\/uploads\/2025\/11\/proyecto-02-03.jpg\" alt=\"\" class=\"wp-image-152\" style=\"aspect-ratio:1;object-fit:cover\" srcset=\"https:\/\/nataliegk.com\/wp-content\/uploads\/2025\/11\/proyecto-02-03.jpg 1306w, https:\/\/nataliegk.com\/wp-content\/uploads\/2025\/11\/proyecto-02-03-262x300.jpg 262w, https:\/\/nataliegk.com\/wp-content\/uploads\/2025\/11\/proyecto-02-03-893x1024.jpg 893w, https:\/\/nataliegk.com\/wp-content\/uploads\/2025\/11\/proyecto-02-03-768x881.jpg 768w\" sizes=\"auto, (max-width: 1306px) 100vw, 1306px\" \/><\/figure>\n\n\n\n<figure class=\"wp-block-image size-full\"><img loading=\"lazy\" decoding=\"async\" width=\"1306\" height=\"1498\" src=\"https:\/\/nataliegk.com\/wp-content\/uploads\/2025\/11\/proyecto-04-01.jpg\" alt=\"\" class=\"wp-image-125\" style=\"aspect-ratio:1;object-fit:cover\" srcset=\"https:\/\/nataliegk.com\/wp-content\/uploads\/2025\/11\/proyecto-04-01.jpg 1306w, https:\/\/nataliegk.com\/wp-content\/uploads\/2025\/11\/proyecto-04-01-262x300.jpg 262w, https:\/\/nataliegk.com\/wp-content\/uploads\/2025\/11\/proyecto-04-01-893x1024.jpg 893w, https:\/\/nataliegk.com\/wp-content\/uploads\/2025\/11\/proyecto-04-01-768x881.jpg 768w\" sizes=\"auto, (max-width: 1306px) 100vw, 1306px\" \/><\/figure>\n\n\n\n<figure class=\"wp-block-image size-full\"><img loading=\"lazy\" decoding=\"async\" width=\"1306\" height=\"1498\" src=\"https:\/\/nataliegk.com\/wp-content\/uploads\/2025\/11\/proyecto-01-05.jpg\" alt=\"\" class=\"wp-image-123\" style=\"aspect-ratio:1;object-fit:cover\" srcset=\"https:\/\/nataliegk.com\/wp-content\/uploads\/2025\/11\/proyecto-01-05.jpg 1306w, https:\/\/nataliegk.com\/wp-content\/uploads\/2025\/11\/proyecto-01-05-262x300.jpg 262w, https:\/\/nataliegk.com\/wp-content\/uploads\/2025\/11\/proyecto-01-05-893x1024.jpg 893w, https:\/\/nataliegk.com\/wp-content\/uploads\/2025\/11\/proyecto-01-05-768x881.jpg 768w\" sizes=\"auto, (max-width: 1306px) 100vw, 1306px\" \/><\/figure>\n\n\n\n<figure class=\"wp-block-image size-full\"><img loading=\"lazy\" decoding=\"async\" width=\"1306\" height=\"1498\" src=\"https:\/\/nataliegk.com\/wp-content\/uploads\/2025\/11\/proyecto-09-01.jpg\" alt=\"\" class=\"wp-image-161\" style=\"aspect-ratio:1;object-fit:cover\" srcset=\"https:\/\/nataliegk.com\/wp-content\/uploads\/2025\/11\/proyecto-09-01.jpg 1306w, https:\/\/nataliegk.com\/wp-content\/uploads\/2025\/11\/proyecto-09-01-262x300.jpg 262w, https:\/\/nataliegk.com\/wp-content\/uploads\/2025\/11\/proyecto-09-01-893x1024.jpg 893w, https:\/\/nataliegk.com\/wp-content\/uploads\/2025\/11\/proyecto-09-01-768x881.jpg 768w\" sizes=\"auto, (max-width: 1306px) 100vw, 1306px\" \/><\/figure>\n\n\n\n<figure class=\"wp-block-image size-full\"><img loading=\"lazy\" decoding=\"async\" width=\"1306\" height=\"1498\" src=\"https:\/\/nataliegk.com\/wp-content\/uploads\/2025\/11\/proyecto-01-01.jpg\" alt=\"\" class=\"wp-image-121\" style=\"aspect-ratio:1;object-fit:cover\" srcset=\"https:\/\/nataliegk.com\/wp-content\/uploads\/2025\/11\/proyecto-01-01.jpg 1306w, https:\/\/nataliegk.com\/wp-content\/uploads\/2025\/11\/proyecto-01-01-262x300.jpg 262w, https:\/\/nataliegk.com\/wp-content\/uploads\/2025\/11\/proyecto-01-01-893x1024.jpg 893w, https:\/\/nataliegk.com\/wp-content\/uploads\/2025\/11\/proyecto-01-01-768x881.jpg 768w\" sizes=\"auto, (max-width: 1306px) 100vw, 1306px\" \/><\/figure>\n\n\n\n<figure class=\"wp-block-image size-full\"><img loading=\"lazy\" decoding=\"async\" width=\"1306\" height=\"1498\" src=\"https:\/\/nataliegk.com\/wp-content\/uploads\/2025\/11\/proyecto-06-01.jpg\" alt=\"\" class=\"wp-image-158\" style=\"aspect-ratio:1;object-fit:cover\" srcset=\"https:\/\/nataliegk.com\/wp-content\/uploads\/2025\/11\/proyecto-06-01.jpg 1306w, https:\/\/nataliegk.com\/wp-content\/uploads\/2025\/11\/proyecto-06-01-262x300.jpg 262w, https:\/\/nataliegk.com\/wp-content\/uploads\/2025\/11\/proyecto-06-01-893x1024.jpg 893w, https:\/\/nataliegk.com\/wp-content\/uploads\/2025\/11\/proyecto-06-01-768x881.jpg 768w\" sizes=\"auto, (max-width: 1306px) 100vw, 1306px\" \/><\/figure>\n<\/div>\n<\/div>\n\n\n\n<div class=\"wp-block-group alignfull has-global-padding is-content-justification-right is-layout-constrained wp-container-core-group-is-layout-5c39785d wp-block-group-is-layout-constrained\" id=\"contacto\" style=\"margin-top:0;margin-bottom:0;padding-top:var(--wp--preset--spacing--50);padding-bottom:var(--wp--preset--spacing--50);padding-left:var(--wp--preset--spacing--30)\">\n<div class=\"wp-block-group alignwide has-global-padding is-layout-constrained wp-container-core-group-is-layout-19e250f3 wp-block-group-is-layout-constrained\">\n<h2 class=\"wp-block-heading alignfull has-text-align-left has-xx-large-font-size\">Contacto<\/h2>\n\n\n\n<div class=\"wp-block-group alignwide is-nowrap is-layout-flex wp-container-core-group-is-layout-cb1eacd0 wp-block-group-is-layout-flex\" style=\"border-top-color:var(--wp--preset--color--accent-4);border-top-width:1px;margin-top:var(--wp--preset--spacing--30);padding-top:var(--wp--preset--spacing--30);padding-right:var(--wp--preset--spacing--70);padding-bottom:var(--wp--preset--spacing--30)\">\n<div class=\"wp-block-group wp-container-content-f67f277b is-vertical is-layout-flex wp-container-core-group-is-layout-662c4487 wp-block-group-is-layout-flex\">\n<h3 class=\"wp-block-heading has-medium-font-size\" style=\"font-style:normal;font-weight:700\">Correo<\/h3>\n\n\n\n<p class=\"has-medium-font-size\">nataliekort95@gmail.com<\/p>\n<\/div>\n\n\n\n<div class=\"wp-block-group wp-container-content-f67f277b is-vertical is-layout-flex wp-container-core-group-is-layout-662c4487 wp-block-group-is-layout-flex\">\n<h3 class=\"wp-block-heading has-medium-font-size\" style=\"font-style:normal;font-weight:700\">Tel\u00e9fono<\/h3>\n\n\n\n<p class=\"has-medium-font-size\">+502 4150-5962<\/p>\n<\/div>\n\n\n\n<div class=\"wp-block-group wp-container-content-f67f277b is-vertical is-layout-flex wp-container-core-group-is-layout-662c4487 wp-block-group-is-layout-flex\">\n<h3 class=\"wp-block-heading has-medium-font-size\" style=\"font-style:normal;font-weight:700\">Behance<\/h3>\n\n\n\n<p class=\"has-medium-font-size\"><a href=\"https:\/\/www.behance.net\/nataliegk\" data-type=\"link\" data-id=\"https:\/\/www.behance.net\/nataliegk\" target=\"_blank\" rel=\"noreferrer noopener\">\/nataliegk<\/a><\/p>\n<\/div>\n\n\n\n<div class=\"wp-block-group wp-container-content-f67f277b is-vertical is-layout-flex wp-container-core-group-is-layout-662c4487 wp-block-group-is-layout-flex\">\n<h3 class=\"wp-block-heading has-medium-font-size\" style=\"font-style:normal;font-weight:700\">Linkedin<\/h3>\n\n\n\n<p class=\"has-medium-font-size\"><a href=\"https:\/\/gt.linkedin.com\/in\/natalie-garita-kortscheff-15205a259\" data-type=\"link\" data-id=\"https:\/\/gt.linkedin.com\/in\/natalie-garita-kortscheff-15205a259\" target=\"_blank\" rel=\"noreferrer noopener\">Natalie Garita Kortscheff<\/a><\/p>\n<\/div>\n<\/div>\n<\/div>\n<\/div>\n","protected":false},"excerpt":{"rendered":"<p>Mi portafolio Llevo trabajando desde el 2016 en el \u00e1rea de UX\/UI por lo que es mi \u00e1rea de expertis, sin embargo tambi\u00e9n sobresalgo en el campo de Dise\u00f1o Gr\u00e1fico y del Arte visual. Categor\u00edas UX\/UI Dise\u00f1o Gr\u00e1fico Arte<\/p>\n","protected":false},"author":1,"featured_media":0,"parent":0,"menu_order":0,"comment_status":"closed","ping_status":"closed","template":"","meta":{"footnotes":""},"class_list":["post-136","page","type-page","status-publish","hentry"],"yoast_head":"<!-- This site is optimized with the Yoast SEO plugin v27.4 - https:\/\/yoast.com\/product\/yoast-seo-wordpress\/ -->\n<title>Portafolio - Natalie Garita Kortscheff<\/title>\n<meta name=\"robots\" content=\"index, follow, max-snippet:-1, max-image-preview:large, max-video-preview:-1\" \/>\n<link rel=\"canonical\" href=\"https:\/\/nataliegk.com\/index.php\/portafolio\/\" \/>\n<meta property=\"og:locale\" content=\"en_US\" \/>\n<meta property=\"og:type\" content=\"article\" \/>\n<meta property=\"og:title\" content=\"Portafolio - Natalie Garita Kortscheff\" \/>\n<meta property=\"og:description\" content=\"Mi portafolio Llevo trabajando desde el 2016 en el \u00e1rea de UX\/UI por lo que es mi \u00e1rea de expertis, sin embargo tambi\u00e9n sobresalgo en el campo de Dise\u00f1o Gr\u00e1fico y del Arte visual. Categor\u00edas UX\/UI Dise\u00f1o Gr\u00e1fico Arte\" \/>\n<meta property=\"og:url\" content=\"https:\/\/nataliegk.com\/index.php\/portafolio\/\" \/>\n<meta property=\"og:site_name\" content=\"Natalie Garita Kortscheff\" \/>\n<meta property=\"article:modified_time\" content=\"2025-11-29T17:30:46+00:00\" \/>\n<meta property=\"og:image\" content=\"https:\/\/nataliegk.com\/wp-content\/uploads\/2025\/11\/proyecto-01-05.jpg\" \/>\n\t<meta property=\"og:image:width\" content=\"1306\" \/>\n\t<meta property=\"og:image:height\" content=\"1498\" \/>\n\t<meta property=\"og:image:type\" content=\"image\/jpeg\" \/>\n<meta name=\"twitter:card\" content=\"summary_large_image\" \/>\n<meta name=\"twitter:label1\" content=\"Est. reading time\" \/>\n\t<meta name=\"twitter:data1\" content=\"3 minutes\" \/>\n<script type=\"application\/ld+json\" class=\"yoast-schema-graph\">{\"@context\":\"https:\\\/\\\/schema.org\",\"@graph\":[{\"@type\":\"WebPage\",\"@id\":\"https:\\\/\\\/nataliegk.com\\\/index.php\\\/portafolio\\\/\",\"url\":\"https:\\\/\\\/nataliegk.com\\\/index.php\\\/portafolio\\\/\",\"name\":\"Portafolio - Natalie Garita Kortscheff\",\"isPartOf\":{\"@id\":\"https:\\\/\\\/nataliegk.com\\\/#website\"},\"primaryImageOfPage\":{\"@id\":\"https:\\\/\\\/nataliegk.com\\\/index.php\\\/portafolio\\\/#primaryimage\"},\"image\":{\"@id\":\"https:\\\/\\\/nataliegk.com\\\/index.php\\\/portafolio\\\/#primaryimage\"},\"thumbnailUrl\":\"https:\\\/\\\/nataliegk.com\\\/wp-content\\\/uploads\\\/2025\\\/11\\\/proyecto-01-05.jpg\",\"datePublished\":\"2025-11-29T05:27:12+00:00\",\"dateModified\":\"2025-11-29T17:30:46+00:00\",\"breadcrumb\":{\"@id\":\"https:\\\/\\\/nataliegk.com\\\/index.php\\\/portafolio\\\/#breadcrumb\"},\"inLanguage\":\"en-US\",\"potentialAction\":[{\"@type\":\"ReadAction\",\"target\":[\"https:\\\/\\\/nataliegk.com\\\/index.php\\\/portafolio\\\/\"]}]},{\"@type\":\"ImageObject\",\"inLanguage\":\"en-US\",\"@id\":\"https:\\\/\\\/nataliegk.com\\\/index.php\\\/portafolio\\\/#primaryimage\",\"url\":\"https:\\\/\\\/nataliegk.com\\\/wp-content\\\/uploads\\\/2025\\\/11\\\/proyecto-01-05.jpg\",\"contentUrl\":\"https:\\\/\\\/nataliegk.com\\\/wp-content\\\/uploads\\\/2025\\\/11\\\/proyecto-01-05.jpg\",\"width\":1306,\"height\":1498},{\"@type\":\"BreadcrumbList\",\"@id\":\"https:\\\/\\\/nataliegk.com\\\/index.php\\\/portafolio\\\/#breadcrumb\",\"itemListElement\":[{\"@type\":\"ListItem\",\"position\":1,\"name\":\"Home\",\"item\":\"https:\\\/\\\/nataliegk.com\\\/\"},{\"@type\":\"ListItem\",\"position\":2,\"name\":\"Portafolio\"}]},{\"@type\":\"WebSite\",\"@id\":\"https:\\\/\\\/nataliegk.com\\\/#website\",\"url\":\"https:\\\/\\\/nataliegk.com\\\/\",\"name\":\"Natalie Garita Kortscheff\",\"description\":\"Dise\u00f1adora UX\\\/UI\",\"publisher\":{\"@id\":\"https:\\\/\\\/nataliegk.com\\\/#organization\"},\"potentialAction\":[{\"@type\":\"SearchAction\",\"target\":{\"@type\":\"EntryPoint\",\"urlTemplate\":\"https:\\\/\\\/nataliegk.com\\\/?s={search_term_string}\"},\"query-input\":{\"@type\":\"PropertyValueSpecification\",\"valueRequired\":true,\"valueName\":\"search_term_string\"}}],\"inLanguage\":\"en-US\"},{\"@type\":\"Organization\",\"@id\":\"https:\\\/\\\/nataliegk.com\\\/#organization\",\"name\":\"Natalie Garita Kortscheff\",\"url\":\"https:\\\/\\\/nataliegk.com\\\/\",\"logo\":{\"@type\":\"ImageObject\",\"inLanguage\":\"en-US\",\"@id\":\"https:\\\/\\\/nataliegk.com\\\/#\\\/schema\\\/logo\\\/image\\\/\",\"url\":\"https:\\\/\\\/nataliegk.com\\\/wp-content\\\/uploads\\\/2025\\\/11\\\/Isotipo-NatalieGK-b.png\",\"contentUrl\":\"https:\\\/\\\/nataliegk.com\\\/wp-content\\\/uploads\\\/2025\\\/11\\\/Isotipo-NatalieGK-b.png\",\"width\":146,\"height\":106,\"caption\":\"Natalie Garita Kortscheff\"},\"image\":{\"@id\":\"https:\\\/\\\/nataliegk.com\\\/#\\\/schema\\\/logo\\\/image\\\/\"}}]}<\/script>\n<!-- \/ Yoast SEO plugin. -->","yoast_head_json":{"title":"Portafolio - Natalie Garita Kortscheff","robots":{"index":"index","follow":"follow","max-snippet":"max-snippet:-1","max-image-preview":"max-image-preview:large","max-video-preview":"max-video-preview:-1"},"canonical":"https:\/\/nataliegk.com\/index.php\/portafolio\/","og_locale":"en_US","og_type":"article","og_title":"Portafolio - Natalie Garita Kortscheff","og_description":"Mi portafolio Llevo trabajando desde el 2016 en el \u00e1rea de UX\/UI por lo que es mi \u00e1rea de expertis, sin embargo tambi\u00e9n sobresalgo en el campo de Dise\u00f1o Gr\u00e1fico y del Arte visual. Categor\u00edas UX\/UI Dise\u00f1o Gr\u00e1fico Arte","og_url":"https:\/\/nataliegk.com\/index.php\/portafolio\/","og_site_name":"Natalie Garita Kortscheff","article_modified_time":"2025-11-29T17:30:46+00:00","og_image":[{"width":1306,"height":1498,"url":"https:\/\/nataliegk.com\/wp-content\/uploads\/2025\/11\/proyecto-01-05.jpg","type":"image\/jpeg"}],"twitter_card":"summary_large_image","twitter_misc":{"Est. reading time":"3 minutes"},"schema":{"@context":"https:\/\/schema.org","@graph":[{"@type":"WebPage","@id":"https:\/\/nataliegk.com\/index.php\/portafolio\/","url":"https:\/\/nataliegk.com\/index.php\/portafolio\/","name":"Portafolio - Natalie Garita Kortscheff","isPartOf":{"@id":"https:\/\/nataliegk.com\/#website"},"primaryImageOfPage":{"@id":"https:\/\/nataliegk.com\/index.php\/portafolio\/#primaryimage"},"image":{"@id":"https:\/\/nataliegk.com\/index.php\/portafolio\/#primaryimage"},"thumbnailUrl":"https:\/\/nataliegk.com\/wp-content\/uploads\/2025\/11\/proyecto-01-05.jpg","datePublished":"2025-11-29T05:27:12+00:00","dateModified":"2025-11-29T17:30:46+00:00","breadcrumb":{"@id":"https:\/\/nataliegk.com\/index.php\/portafolio\/#breadcrumb"},"inLanguage":"en-US","potentialAction":[{"@type":"ReadAction","target":["https:\/\/nataliegk.com\/index.php\/portafolio\/"]}]},{"@type":"ImageObject","inLanguage":"en-US","@id":"https:\/\/nataliegk.com\/index.php\/portafolio\/#primaryimage","url":"https:\/\/nataliegk.com\/wp-content\/uploads\/2025\/11\/proyecto-01-05.jpg","contentUrl":"https:\/\/nataliegk.com\/wp-content\/uploads\/2025\/11\/proyecto-01-05.jpg","width":1306,"height":1498},{"@type":"BreadcrumbList","@id":"https:\/\/nataliegk.com\/index.php\/portafolio\/#breadcrumb","itemListElement":[{"@type":"ListItem","position":1,"name":"Home","item":"https:\/\/nataliegk.com\/"},{"@type":"ListItem","position":2,"name":"Portafolio"}]},{"@type":"WebSite","@id":"https:\/\/nataliegk.com\/#website","url":"https:\/\/nataliegk.com\/","name":"Natalie Garita Kortscheff","description":"Dise\u00f1adora UX\/UI","publisher":{"@id":"https:\/\/nataliegk.com\/#organization"},"potentialAction":[{"@type":"SearchAction","target":{"@type":"EntryPoint","urlTemplate":"https:\/\/nataliegk.com\/?s={search_term_string}"},"query-input":{"@type":"PropertyValueSpecification","valueRequired":true,"valueName":"search_term_string"}}],"inLanguage":"en-US"},{"@type":"Organization","@id":"https:\/\/nataliegk.com\/#organization","name":"Natalie Garita Kortscheff","url":"https:\/\/nataliegk.com\/","logo":{"@type":"ImageObject","inLanguage":"en-US","@id":"https:\/\/nataliegk.com\/#\/schema\/logo\/image\/","url":"https:\/\/nataliegk.com\/wp-content\/uploads\/2025\/11\/Isotipo-NatalieGK-b.png","contentUrl":"https:\/\/nataliegk.com\/wp-content\/uploads\/2025\/11\/Isotipo-NatalieGK-b.png","width":146,"height":106,"caption":"Natalie Garita Kortscheff"},"image":{"@id":"https:\/\/nataliegk.com\/#\/schema\/logo\/image\/"}}]}},"jetpack_sharing_enabled":true,"_links":{"self":[{"href":"https:\/\/nataliegk.com\/index.php\/wp-json\/wp\/v2\/pages\/136","targetHints":{"allow":["GET"]}}],"collection":[{"href":"https:\/\/nataliegk.com\/index.php\/wp-json\/wp\/v2\/pages"}],"about":[{"href":"https:\/\/nataliegk.com\/index.php\/wp-json\/wp\/v2\/types\/page"}],"author":[{"embeddable":true,"href":"https:\/\/nataliegk.com\/index.php\/wp-json\/wp\/v2\/users\/1"}],"replies":[{"embeddable":true,"href":"https:\/\/nataliegk.com\/index.php\/wp-json\/wp\/v2\/comments?post=136"}],"version-history":[{"count":5,"href":"https:\/\/nataliegk.com\/index.php\/wp-json\/wp\/v2\/pages\/136\/revisions"}],"predecessor-version":[{"id":199,"href":"https:\/\/nataliegk.com\/index.php\/wp-json\/wp\/v2\/pages\/136\/revisions\/199"}],"wp:attachment":[{"href":"https:\/\/nataliegk.com\/index.php\/wp-json\/wp\/v2\/media?parent=136"}],"curies":[{"name":"wp","href":"https:\/\/api.w.org\/{rel}","templated":true}]}}