{"id":134,"date":"2025-11-29T05:10:34","date_gmt":"2025-11-29T05:10:34","guid":{"rendered":"https:\/\/nataliegk.com\/?page_id=134"},"modified":"2025-11-29T18:24:26","modified_gmt":"2025-11-29T18:24:26","slug":"sobre-mi","status":"publish","type":"page","link":"https:\/\/nataliegk.com\/index.php\/sobre-mi\/","title":{"rendered":"Sobre mi"},"content":{"rendered":"\n<div class=\"wp-block-cover alignfull is-light has-contrast-color has-text-color has-link-color wp-elements-f88432d8031d2b5bf6593f1110a25038\" style=\"margin-top:0;margin-bottom:0;padding-top:var(--wp--preset--spacing--60);padding-right:var(--wp--preset--spacing--50);padding-bottom:var(--wp--preset--spacing--60);padding-left:var(--wp--preset--spacing--50)\"><span aria-hidden=\"true\" class=\"wp-block-cover__background has-base-background-color has-background-dim-100 has-background-dim\"><\/span><div class=\"wp-block-cover__inner-container has-global-padding is-layout-constrained wp-container-core-cover-is-layout-873ee6b1 wp-block-cover-is-layout-constrained\">\n<div class=\"wp-block-columns alignwide is-layout-flex wp-container-core-columns-is-layout-7ee84d44 wp-block-columns-is-layout-flex\">\n<div class=\"wp-block-column is-layout-flow wp-block-column-is-layout-flow\" style=\"flex-basis:65%\">\n<div class=\"wp-block-group is-vertical is-content-justification-stretch is-layout-flex wp-container-core-group-is-layout-353c4f5a wp-block-group-is-layout-flex\">\n<h2 class=\"wp-block-heading has-text-align-left\" style=\"font-size:clamp(6.971rem, 6.971rem + ((1vw - 0.2rem) * 13.786), 18rem);font-style:normal;font-weight:300;letter-spacing:-0.03em;line-height:1.4\">\u00a1Hola!<\/h2>\n\n\n\n<p class=\"is-style-text-subtitle is-style-text-subtitle--1\">Soy una dise\u00f1adora gr\u00e1fica y me apasiona la ilustraci\u00f3n manual y digital, el dise\u00f1o web y la direcci\u00f3n de arte. Me encanta ampliar mis conocimientos y experiencia, as\u00ed que no dudes en contactarme si quieres trabajar conmigo.<\/p>\n\n\n\n<p class=\"is-style-text-subtitle is-style-text-subtitle--2\">Si quieres saber m\u00e1s sobre mi experiencia laboral y acad\u00e9mica descarga mi CV.<\/p>\n<\/div>\n<\/div>\n\n\n\n<div class=\"wp-block-column is-layout-flow wp-block-column-is-layout-flow\" style=\"flex-basis:35%\">\n<div class=\"wp-block-group is-vertical is-content-justification-stretch is-nowrap is-layout-flex wp-container-core-group-is-layout-73b0033c wp-block-group-is-layout-flex\">\n<figure class=\"wp-block-image size-full\"><img loading=\"lazy\" decoding=\"async\" width=\"1016\" height=\"1330\" src=\"https:\/\/nataliegk.com\/wp-content\/uploads\/2025\/11\/nati-photo.png\" alt=\"\" class=\"wp-image-118\" style=\"aspect-ratio:3\/4;object-fit:cover\" srcset=\"https:\/\/nataliegk.com\/wp-content\/uploads\/2025\/11\/nati-photo.png 1016w, https:\/\/nataliegk.com\/wp-content\/uploads\/2025\/11\/nati-photo-229x300.png 229w, https:\/\/nataliegk.com\/wp-content\/uploads\/2025\/11\/nati-photo-782x1024.png 782w, https:\/\/nataliegk.com\/wp-content\/uploads\/2025\/11\/nati-photo-768x1005.png 768w\" sizes=\"auto, (max-width: 1016px) 100vw, 1016px\" \/><\/figure>\n\n\n\n<p class=\"has-text-align-right has-x-large-font-size\" style=\"line-height:1.2\"><a href=\"https:\/\/gt.linkedin.com\/in\/natalie-garita-kortscheff-15205a259\" target=\"_blank\" rel=\"noreferrer noopener\">LinkedIn<\/a><br><a href=\"https:\/\/www.behance.net\/nataliegk\" data-type=\"link\" data-id=\"https:\/\/www.behance.net\/nataliegk\" target=\"_blank\" rel=\"noreferrer noopener\">Behance<\/a><\/p>\n<\/div>\n<\/div>\n<\/div>\n\n\n\n<div class=\"wp-block-file\"><a id=\"wp-block-file--media-115be60b-7219-44eb-bb17-ed53d71d117e\" href=\"https:\/\/nataliegk.com\/wp-content\/uploads\/2025\/11\/CV-espanol-2025.pdf\">CV-espan\u0303ol-2025<\/a><a href=\"https:\/\/nataliegk.com\/wp-content\/uploads\/2025\/11\/CV-espanol-2025.pdf\" class=\"wp-block-file__button wp-element-button\" download aria-describedby=\"wp-block-file--media-115be60b-7219-44eb-bb17-ed53d71d117e\">Download<\/a><\/div>\n<\/div><\/div>\n\n\n\n<div class=\"wp-block-group alignfull has-global-padding is-content-justification-right is-layout-constrained wp-container-core-group-is-layout-5c39785d wp-block-group-is-layout-constrained\" id=\"contacto\" style=\"margin-top:0;margin-bottom:0;padding-top:var(--wp--preset--spacing--50);padding-bottom:var(--wp--preset--spacing--50);padding-left:var(--wp--preset--spacing--30)\">\n<div class=\"wp-block-group alignwide has-global-padding is-layout-constrained wp-container-core-group-is-layout-19e250f3 wp-block-group-is-layout-constrained\">\n<h2 class=\"wp-block-heading alignfull has-text-align-left has-xx-large-font-size\">Contacto<\/h2>\n\n\n\n<div class=\"wp-block-group alignwide is-nowrap is-layout-flex wp-container-core-group-is-layout-cb1eacd0 wp-block-group-is-layout-flex\" style=\"border-top-color:var(--wp--preset--color--accent-4);border-top-width:1px;margin-top:var(--wp--preset--spacing--30);padding-top:var(--wp--preset--spacing--30);padding-right:var(--wp--preset--spacing--70);padding-bottom:var(--wp--preset--spacing--30)\">\n<div class=\"wp-block-group wp-container-content-f67f277b is-vertical is-layout-flex wp-container-core-group-is-layout-662c4487 wp-block-group-is-layout-flex\">\n<h3 class=\"wp-block-heading has-medium-font-size\" style=\"font-style:normal;font-weight:700\">Correo<\/h3>\n\n\n\n<p class=\"has-medium-font-size\">nataliekort95@gmail.com<\/p>\n<\/div>\n\n\n\n<div class=\"wp-block-group wp-container-content-f67f277b is-vertical is-layout-flex wp-container-core-group-is-layout-662c4487 wp-block-group-is-layout-flex\">\n<h3 class=\"wp-block-heading has-medium-font-size\" style=\"font-style:normal;font-weight:700\">Tel\u00e9fono<\/h3>\n\n\n\n<p class=\"has-medium-font-size\">+502 4150-5962<\/p>\n<\/div>\n\n\n\n<div class=\"wp-block-group wp-container-content-f67f277b is-vertical is-layout-flex wp-container-core-group-is-layout-662c4487 wp-block-group-is-layout-flex\">\n<h3 class=\"wp-block-heading has-medium-font-size\" style=\"font-style:normal;font-weight:700\">Behance<\/h3>\n\n\n\n<p class=\"has-medium-font-size\"><a href=\"https:\/\/www.behance.net\/nataliegk\" data-type=\"link\" data-id=\"https:\/\/www.behance.net\/nataliegk\" target=\"_blank\" rel=\"noreferrer noopener\">\/nataliegk<\/a><\/p>\n<\/div>\n\n\n\n<div class=\"wp-block-group wp-container-content-f67f277b is-vertical is-layout-flex wp-container-core-group-is-layout-662c4487 wp-block-group-is-layout-flex\">\n<h3 class=\"wp-block-heading has-medium-font-size\" style=\"font-style:normal;font-weight:700\">Linkedin<\/h3>\n\n\n\n<p class=\"has-medium-font-size\"><a href=\"https:\/\/gt.linkedin.com\/in\/natalie-garita-kortscheff-15205a259\" data-type=\"link\" data-id=\"https:\/\/gt.linkedin.com\/in\/natalie-garita-kortscheff-15205a259\" target=\"_blank\" rel=\"noreferrer noopener\">Natalie Garita Kortscheff<\/a><\/p>\n<\/div>\n<\/div>\n<\/div>\n<\/div>\n","protected":false},"excerpt":{"rendered":"","protected":false},"author":1,"featured_media":0,"parent":0,"menu_order":0,"comment_status":"closed","ping_status":"closed","template":"","meta":{"footnotes":""},"class_list":["post-134","page","type-page","status-publish","hentry"],"yoast_head":"<!-- This site is optimized with the Yoast SEO plugin v27.4 - https:\/\/yoast.com\/product\/yoast-seo-wordpress\/ -->\n<title>Sobre mi - Natalie Garita Kortscheff<\/title>\n<meta name=\"robots\" content=\"index, follow, max-snippet:-1, max-image-preview:large, max-video-preview:-1\" \/>\n<link rel=\"canonical\" href=\"https:\/\/nataliegk.com\/index.php\/sobre-mi\/\" \/>\n<meta property=\"og:locale\" content=\"en_US\" \/>\n<meta property=\"og:type\" content=\"article\" \/>\n<meta property=\"og:title\" content=\"Sobre mi - Natalie Garita Kortscheff\" \/>\n<meta property=\"og:url\" content=\"https:\/\/nataliegk.com\/index.php\/sobre-mi\/\" \/>\n<meta property=\"og:site_name\" content=\"Natalie Garita Kortscheff\" \/>\n<meta property=\"article:modified_time\" content=\"2025-11-29T18:24:26+00:00\" \/>\n<meta property=\"og:image\" content=\"https:\/\/nataliegk.com\/wp-content\/uploads\/2025\/11\/nati-photo.png\" \/>\n\t<meta property=\"og:image:width\" content=\"1016\" \/>\n\t<meta property=\"og:image:height\" content=\"1330\" \/>\n\t<meta property=\"og:image:type\" content=\"image\/png\" \/>\n<meta name=\"twitter:card\" content=\"summary_large_image\" \/>\n<meta name=\"twitter:label1\" content=\"Est. reading time\" \/>\n\t<meta name=\"twitter:data1\" content=\"1 minute\" \/>\n<script type=\"application\/ld+json\" class=\"yoast-schema-graph\">{\"@context\":\"https:\\\/\\\/schema.org\",\"@graph\":[{\"@type\":\"WebPage\",\"@id\":\"https:\\\/\\\/nataliegk.com\\\/index.php\\\/sobre-mi\\\/\",\"url\":\"https:\\\/\\\/nataliegk.com\\\/index.php\\\/sobre-mi\\\/\",\"name\":\"Sobre mi - Natalie Garita Kortscheff\",\"isPartOf\":{\"@id\":\"https:\\\/\\\/nataliegk.com\\\/#website\"},\"primaryImageOfPage\":{\"@id\":\"https:\\\/\\\/nataliegk.com\\\/index.php\\\/sobre-mi\\\/#primaryimage\"},\"image\":{\"@id\":\"https:\\\/\\\/nataliegk.com\\\/index.php\\\/sobre-mi\\\/#primaryimage\"},\"thumbnailUrl\":\"https:\\\/\\\/nataliegk.com\\\/wp-content\\\/uploads\\\/2025\\\/11\\\/nati-photo.png\",\"datePublished\":\"2025-11-29T05:10:34+00:00\",\"dateModified\":\"2025-11-29T18:24:26+00:00\",\"breadcrumb\":{\"@id\":\"https:\\\/\\\/nataliegk.com\\\/index.php\\\/sobre-mi\\\/#breadcrumb\"},\"inLanguage\":\"en-US\",\"potentialAction\":[{\"@type\":\"ReadAction\",\"target\":[\"https:\\\/\\\/nataliegk.com\\\/index.php\\\/sobre-mi\\\/\"]}]},{\"@type\":\"ImageObject\",\"inLanguage\":\"en-US\",\"@id\":\"https:\\\/\\\/nataliegk.com\\\/index.php\\\/sobre-mi\\\/#primaryimage\",\"url\":\"https:\\\/\\\/nataliegk.com\\\/wp-content\\\/uploads\\\/2025\\\/11\\\/nati-photo.png\",\"contentUrl\":\"https:\\\/\\\/nataliegk.com\\\/wp-content\\\/uploads\\\/2025\\\/11\\\/nati-photo.png\",\"width\":1016,\"height\":1330},{\"@type\":\"BreadcrumbList\",\"@id\":\"https:\\\/\\\/nataliegk.com\\\/index.php\\\/sobre-mi\\\/#breadcrumb\",\"itemListElement\":[{\"@type\":\"ListItem\",\"position\":1,\"name\":\"Home\",\"item\":\"https:\\\/\\\/nataliegk.com\\\/\"},{\"@type\":\"ListItem\",\"position\":2,\"name\":\"Sobre mi\"}]},{\"@type\":\"WebSite\",\"@id\":\"https:\\\/\\\/nataliegk.com\\\/#website\",\"url\":\"https:\\\/\\\/nataliegk.com\\\/\",\"name\":\"Natalie Garita Kortscheff\",\"description\":\"Dise\u00f1adora UX\\\/UI\",\"publisher\":{\"@id\":\"https:\\\/\\\/nataliegk.com\\\/#organization\"},\"potentialAction\":[{\"@type\":\"SearchAction\",\"target\":{\"@type\":\"EntryPoint\",\"urlTemplate\":\"https:\\\/\\\/nataliegk.com\\\/?s={search_term_string}\"},\"query-input\":{\"@type\":\"PropertyValueSpecification\",\"valueRequired\":true,\"valueName\":\"search_term_string\"}}],\"inLanguage\":\"en-US\"},{\"@type\":\"Organization\",\"@id\":\"https:\\\/\\\/nataliegk.com\\\/#organization\",\"name\":\"Natalie Garita Kortscheff\",\"url\":\"https:\\\/\\\/nataliegk.com\\\/\",\"logo\":{\"@type\":\"ImageObject\",\"inLanguage\":\"en-US\",\"@id\":\"https:\\\/\\\/nataliegk.com\\\/#\\\/schema\\\/logo\\\/image\\\/\",\"url\":\"https:\\\/\\\/nataliegk.com\\\/wp-content\\\/uploads\\\/2025\\\/11\\\/Isotipo-NatalieGK-b.png\",\"contentUrl\":\"https:\\\/\\\/nataliegk.com\\\/wp-content\\\/uploads\\\/2025\\\/11\\\/Isotipo-NatalieGK-b.png\",\"width\":146,\"height\":106,\"caption\":\"Natalie Garita Kortscheff\"},\"image\":{\"@id\":\"https:\\\/\\\/nataliegk.com\\\/#\\\/schema\\\/logo\\\/image\\\/\"}}]}<\/script>\n<!-- \/ Yoast SEO plugin. -->","yoast_head_json":{"title":"Sobre mi - Natalie Garita Kortscheff","robots":{"index":"index","follow":"follow","max-snippet":"max-snippet:-1","max-image-preview":"max-image-preview:large","max-video-preview":"max-video-preview:-1"},"canonical":"https:\/\/nataliegk.com\/index.php\/sobre-mi\/","og_locale":"en_US","og_type":"article","og_title":"Sobre mi - Natalie Garita Kortscheff","og_url":"https:\/\/nataliegk.com\/index.php\/sobre-mi\/","og_site_name":"Natalie Garita Kortscheff","article_modified_time":"2025-11-29T18:24:26+00:00","og_image":[{"width":1016,"height":1330,"url":"https:\/\/nataliegk.com\/wp-content\/uploads\/2025\/11\/nati-photo.png","type":"image\/png"}],"twitter_card":"summary_large_image","twitter_misc":{"Est. reading time":"1 minute"},"schema":{"@context":"https:\/\/schema.org","@graph":[{"@type":"WebPage","@id":"https:\/\/nataliegk.com\/index.php\/sobre-mi\/","url":"https:\/\/nataliegk.com\/index.php\/sobre-mi\/","name":"Sobre mi - Natalie Garita Kortscheff","isPartOf":{"@id":"https:\/\/nataliegk.com\/#website"},"primaryImageOfPage":{"@id":"https:\/\/nataliegk.com\/index.php\/sobre-mi\/#primaryimage"},"image":{"@id":"https:\/\/nataliegk.com\/index.php\/sobre-mi\/#primaryimage"},"thumbnailUrl":"https:\/\/nataliegk.com\/wp-content\/uploads\/2025\/11\/nati-photo.png","datePublished":"2025-11-29T05:10:34+00:00","dateModified":"2025-11-29T18:24:26+00:00","breadcrumb":{"@id":"https:\/\/nataliegk.com\/index.php\/sobre-mi\/#breadcrumb"},"inLanguage":"en-US","potentialAction":[{"@type":"ReadAction","target":["https:\/\/nataliegk.com\/index.php\/sobre-mi\/"]}]},{"@type":"ImageObject","inLanguage":"en-US","@id":"https:\/\/nataliegk.com\/index.php\/sobre-mi\/#primaryimage","url":"https:\/\/nataliegk.com\/wp-content\/uploads\/2025\/11\/nati-photo.png","contentUrl":"https:\/\/nataliegk.com\/wp-content\/uploads\/2025\/11\/nati-photo.png","width":1016,"height":1330},{"@type":"BreadcrumbList","@id":"https:\/\/nataliegk.com\/index.php\/sobre-mi\/#breadcrumb","itemListElement":[{"@type":"ListItem","position":1,"name":"Home","item":"https:\/\/nataliegk.com\/"},{"@type":"ListItem","position":2,"name":"Sobre mi"}]},{"@type":"WebSite","@id":"https:\/\/nataliegk.com\/#website","url":"https:\/\/nataliegk.com\/","name":"Natalie Garita Kortscheff","description":"Dise\u00f1adora UX\/UI","publisher":{"@id":"https:\/\/nataliegk.com\/#organization"},"potentialAction":[{"@type":"SearchAction","target":{"@type":"EntryPoint","urlTemplate":"https:\/\/nataliegk.com\/?s={search_term_string}"},"query-input":{"@type":"PropertyValueSpecification","valueRequired":true,"valueName":"search_term_string"}}],"inLanguage":"en-US"},{"@type":"Organization","@id":"https:\/\/nataliegk.com\/#organization","name":"Natalie Garita Kortscheff","url":"https:\/\/nataliegk.com\/","logo":{"@type":"ImageObject","inLanguage":"en-US","@id":"https:\/\/nataliegk.com\/#\/schema\/logo\/image\/","url":"https:\/\/nataliegk.com\/wp-content\/uploads\/2025\/11\/Isotipo-NatalieGK-b.png","contentUrl":"https:\/\/nataliegk.com\/wp-content\/uploads\/2025\/11\/Isotipo-NatalieGK-b.png","width":146,"height":106,"caption":"Natalie Garita Kortscheff"},"image":{"@id":"https:\/\/nataliegk.com\/#\/schema\/logo\/image\/"}}]}},"jetpack_sharing_enabled":true,"_links":{"self":[{"href":"https:\/\/nataliegk.com\/index.php\/wp-json\/wp\/v2\/pages\/134","targetHints":{"allow":["GET"]}}],"collection":[{"href":"https:\/\/nataliegk.com\/index.php\/wp-json\/wp\/v2\/pages"}],"about":[{"href":"https:\/\/nataliegk.com\/index.php\/wp-json\/wp\/v2\/types\/page"}],"author":[{"embeddable":true,"href":"https:\/\/nataliegk.com\/index.php\/wp-json\/wp\/v2\/users\/1"}],"replies":[{"embeddable":true,"href":"https:\/\/nataliegk.com\/index.php\/wp-json\/wp\/v2\/comments?post=134"}],"version-history":[{"count":4,"href":"https:\/\/nataliegk.com\/index.php\/wp-json\/wp\/v2\/pages\/134\/revisions"}],"predecessor-version":[{"id":202,"href":"https:\/\/nataliegk.com\/index.php\/wp-json\/wp\/v2\/pages\/134\/revisions\/202"}],"wp:attachment":[{"href":"https:\/\/nataliegk.com\/index.php\/wp-json\/wp\/v2\/media?parent=134"}],"curies":[{"name":"wp","href":"https:\/\/api.w.org\/{rel}","templated":true}]}}